{"id":103,"date":"2017-07-24T10:30:42","date_gmt":"2017-07-24T10:30:42","guid":{"rendered":"https:\/\/seu.elsindic.com\/?page_id=103\/"},"modified":"2017-07-24T10:30:42","modified_gmt":"2017-07-24T10:30:42","slug":"carpeta-ciutadana","status":"publish","type":"page","link":"https:\/\/seu.elsindic.com\/va\/carpeta-ciutadana\/","title":{"rendered":"Carpeta ciutadana"},"content":{"rendered":"<h3>Benvingut a la Carpeta Ciutadana<\/h3>\n<p>La Carpeta Ciutadana \u00e9s un servici que proporciona al ciutad\u00e0 o la ciutadana una zona on poder consultar totes les dades que el S\u00edndic t\u00e9 sobre els seus expedients.<\/p>\n<h3>Quins servicis oferix?<\/h3>\n<ul>\n<li>Presentar una queixa<\/li>\n<li>Presentar una consulta<\/li>\n<li>Presentar al\u00b7legacions o nova documentaci\u00f3 a la meua queixa<\/li>\n<li>Consultar els meus tr\u00e0mits amb el S\u00edndic<\/li>\n<li>Presentar una reclamaci\u00f3 o suggeriment sobre el funcionament o els servicis prestats pel S\u00edndic de Greuges<\/li>\n<li>Modificar les meues dades personals<\/li>\n<li>Presentar una altra documentaci\u00f3<\/li>\n<\/ul>\n<h3>Com s&#8217;accedix a la Carpeta Ciutadana?<\/h3>\n<p>S\u2019ha de tenir un certificat digital de la Generalitat Valenciana o el\u00a0<abbr title=\"Document Nacional d'Identitat\">DNI<\/abbr>\u00a0electr\u00f2nic, per tal de poder identificar la persona d\u2019una manera segura.<\/p>\n<p>El certificat digital de la Generalitat Valenciana es pot obtenir gratu\u00eftament en qualsevol dels punts de registre que t\u00e9 l\u2019Ag\u00e8ncia de Tecnologia i Certificaci\u00f3 Electr\u00f2nica.<\/p>\n<p><a title=\"Consulteu la p\u00e0gina web de l'Ag\u00e8ncia de Tecnologia i Certificaci\u00f3 Electr\u00f2nica\" href=\"http:\/\/www.accv.es\/va\/\">Consulteu els punts de registre m\u00e9s pr\u00f2xims<\/a><\/p>\n","protected":false},"excerpt":{"rendered":"Benvingut a la Carpeta Ciutadana La Carpeta Ciutadana \u00e9s un servici que proporciona al ciutad\u00e0 o la ciutadana una zona on poder consultar totes les dades que el S\u00edndic t\u00e9 sobre els seus expedients. Quins servicis oferix? Presentar una queixa Presentar una consulta Presentar al\u00b7legacions o nova documentaci\u00f3 a la meua queixa Consultar els meus&#8230; <a class=\"view-article\" href=\"https:\/\/seu.elsindic.com\/va\/carpeta-ciutadana\/\">View Article<\/a>","protected":false},"author":1,"featured_media":0,"parent":0,"menu_order":0,"comment_status":"closed","ping_status":"closed","template":"","meta":{"footnotes":""},"class_list":["post-103","page","type-page","status-publish","hentry"],"_links":{"self":[{"href":"https:\/\/seu.elsindic.com\/va\/wp-json\/wp\/v2\/pages\/103","targetHints":{"allow":["GET"]}}],"collection":[{"href":"https:\/\/seu.elsindic.com\/va\/wp-json\/wp\/v2\/pages"}],"about":[{"href":"https:\/\/seu.elsindic.com\/va\/wp-json\/wp\/v2\/types\/page"}],"author":[{"embeddable":true,"href":"https:\/\/seu.elsindic.com\/va\/wp-json\/wp\/v2\/users\/1"}],"replies":[{"embeddable":true,"href":"https:\/\/seu.elsindic.com\/va\/wp-json\/wp\/v2\/comments?post=103"}],"version-history":[{"count":1,"href":"https:\/\/seu.elsindic.com\/va\/wp-json\/wp\/v2\/pages\/103\/revisions"}],"predecessor-version":[{"id":104,"href":"https:\/\/seu.elsindic.com\/va\/wp-json\/wp\/v2\/pages\/103\/revisions\/104"}],"wp:attachment":[{"href":"https:\/\/seu.elsindic.com\/va\/wp-json\/wp\/v2\/media?parent=103"}],"curies":[{"name":"wp","href":"https:\/\/api.w.org\/{rel}","templated":true}]}}