{"id":130,"date":"2017-07-26T12:25:07","date_gmt":"2017-07-26T12:25:07","guid":{"rendered":"https:\/\/seu.elsindic.com\/?page_id=130\/"},"modified":"2017-07-26T12:25:07","modified_gmt":"2017-07-26T12:25:07","slug":"requisits-tecnics-per-a-fer-tramits","status":"publish","type":"page","link":"https:\/\/seu.elsindic.com\/va\/requisits-tecnics-per-a-fer-tramits\/","title":{"rendered":"Requisits t\u00e8cnics per a fer tr\u00e0mits"},"content":{"rendered":"<p>Per a poder iniciar un tr\u00e0mit administratiu telem\u00e0tic, el vostre equip ha de complir amb els requisits seg\u00fcents:<\/p>\n<ul>\n<li>Certificat digital d\u2019usuari de l\u2019<abbr title=\"Autoritat Certificadora de la Generalitat Valenciana\">ACCV<\/abbr> (Ag\u00e8ncia de Tecnologia i Certificaci\u00f3 Electr\u00f2nica de la Comunitat Valenciana) o\u00a0<abbr title=\"Document Nacional d'Identificaci\u00f3\">DNI<\/abbr> electr\u00f2nic.<\/li>\n<li>Sistemes operatius verificats: Windows XP SP3, Windows Vista SP2, Windows 7\u00a0SP1, Windows Server 2003 SP2, Windows Server 2008 SP2 i superiors, Linux 2.6 (Guadalinex y Ubuntu) i superiors, Mac OS X 10.6.8 i 10.7.2 (Snow Leopard y Lion).<\/li>\n<li>Navegadors web compatibles: Firefox 3 o superior, Internet Explorer 7 o superior, Chrome 4 o superior, Apple Safari 4 o superior i\u00a0Opera 10 o superior.<\/li>\n<li><a title=\"Consulteu la p\u00e0gina web de Java\" href=\"http:\/\/www.java.com\/es\/download\/\">JRE\u00a01.5 update22<\/a> o superior.<\/li>\n<\/ul>\n<h3><strong>Configuraci\u00f3 del navegador<\/strong><\/h3>\n<ul>\n<li>Tenir desactivat el bloquejador d\u2019elements emergents per al domini [*.seu.elsindic.com]. Aix\u00f2 \u00e9s v\u00e0lid per a qualsevol navegador que bloquege finestres emergents.<\/li>\n<li>Tenir activada l\u2019opci\u00f3 de Javascript en el vostre navegador.<\/li>\n<\/ul>\n<h3><strong>\u00das dels certificats<\/strong><\/h3>\n<p>Podeu obtenir informaci\u00f3 sobre aix\u00f2 en les p\u00e0gines web dels vostres respectius prove\u00efdors, especialment si cal algun element addicional per a poder usar-los:<\/p>\n<ul>\n<li><a title=\"Consulteu la p\u00e0gina del DNI electr\u00f2nic\" href=\"http:\/\/www.dnielectronico.es\/\">DNI Electr\u00f2nic<\/a><\/li>\n<li><a title=\"Consulteu la p\u00e0gina web de l'Ag\u00e8ncia de Tecnologia i Certificaci\u00f3 Electr\u00f2nica de la Generalitat Valenciana\" href=\"http:\/\/www.accv.es\/\">Ag\u00e8ncia de Tecnologia i Certificaci\u00f3 Electr\u00f2nica de la Generalitat Valenciana<\/a>\u00a0(ACCV)<\/li>\n<\/ul>\n<p>Per a m\u00e9s informaci\u00f3 sobre els requisits t\u00e8cnics del component de firma consulte el <a title=\"Veure lloc web\" href=\"http:\/\/administracionelectronica.gob.es\/pae_Home\/pae_Estrategias\/pae_Racionaliza_y_Comparte_Inicio\/pae_Servicios_Comunes_Inicio\/pae_Servicios_Comunes_Firma_Electronica\/pae_CLIENTE@FIRMA#.UdaXMztShFo\">portal d&#8217;administraci\u00f3 electr\u00f2nica &#8211; cliente@firma<\/a><\/p>\n","protected":false},"excerpt":{"rendered":"Per a poder iniciar un tr\u00e0mit administratiu telem\u00e0tic, el vostre equip ha de complir amb els requisits seg\u00fcents: Certificat digital d\u2019usuari de l\u2019ACCV (Ag\u00e8ncia de Tecnologia i Certificaci\u00f3 Electr\u00f2nica de la Comunitat Valenciana) o\u00a0DNI electr\u00f2nic. Sistemes operatius verificats: Windows XP SP3, Windows Vista SP2, Windows 7\u00a0SP1, Windows Server 2003 SP2, Windows Server 2008 SP2 i&#8230; <a class=\"view-article\" href=\"https:\/\/seu.elsindic.com\/va\/requisits-tecnics-per-a-fer-tramits\/\">View Article<\/a>","protected":false},"author":1,"featured_media":0,"parent":0,"menu_order":0,"comment_status":"closed","ping_status":"closed","template":"","meta":{"footnotes":""},"class_list":["post-130","page","type-page","status-publish","hentry"],"_links":{"self":[{"href":"https:\/\/seu.elsindic.com\/va\/wp-json\/wp\/v2\/pages\/130","targetHints":{"allow":["GET"]}}],"collection":[{"href":"https:\/\/seu.elsindic.com\/va\/wp-json\/wp\/v2\/pages"}],"about":[{"href":"https:\/\/seu.elsindic.com\/va\/wp-json\/wp\/v2\/types\/page"}],"author":[{"embeddable":true,"href":"https:\/\/seu.elsindic.com\/va\/wp-json\/wp\/v2\/users\/1"}],"replies":[{"embeddable":true,"href":"https:\/\/seu.elsindic.com\/va\/wp-json\/wp\/v2\/comments?post=130"}],"version-history":[{"count":1,"href":"https:\/\/seu.elsindic.com\/va\/wp-json\/wp\/v2\/pages\/130\/revisions"}],"predecessor-version":[{"id":131,"href":"https:\/\/seu.elsindic.com\/va\/wp-json\/wp\/v2\/pages\/130\/revisions\/131"}],"wp:attachment":[{"href":"https:\/\/seu.elsindic.com\/va\/wp-json\/wp\/v2\/media?parent=130"}],"curies":[{"name":"wp","href":"https:\/\/api.w.org\/{rel}","templated":true}]}}