{"id":134,"date":"2017-07-26T12:28:42","date_gmt":"2017-07-26T12:28:42","guid":{"rendered":"https:\/\/seu.elsindic.com\/?page_id=134\/"},"modified":"2023-08-29T13:48:41","modified_gmt":"2023-08-29T11:48:41","slug":"sistemes-de-signatura-electronica-admesos-io-utilitzats-en-la-seu-electronica-del-sindic-de-greuges","status":"publish","type":"page","link":"https:\/\/seu.elsindic.com\/va\/sistemes-de-signatura-electronica-admesos-io-utilitzats-en-la-seu-electronica-del-sindic-de-greuges\/","title":{"rendered":"Sistemes de signatura electr\u00f2nica admesos i\/o utilitzats en la Seu Electr\u00f2nica del S\u00edndic de Greuges"},"content":{"rendered":"<p>L&#8217;acc\u00e9s requereix que el ciutad\u00e0 s&#8217;identifique mitjan\u00e7ant <a href=\"https:\/\/clave.gob.es\/clave_Home\/va\/clave.html\" target=\"_blank\" rel=\"noopener\">Cl@ve<\/a>, el sistema segur d&#8217;identificaci\u00f3 amb les administracions p\u00fabliques. Pot utilitzar el DNI electr\u00f2nic, qualsevol certificat electr\u00f2nic reconegut i tamb\u00e9 els sistemes de claus concertades Cl@ve PIN i Cl@ve Permanent.<\/p>\n<p>Si l&#8217;usuari no disposa d&#8217;una credencial electr\u00f2nica d&#8217;identificaci\u00f3 amb les administracions p\u00fabliques, pot sol\u00b7licitar-ne l&#8217;alta en la web de <a href=\"https:\/\/clave.gob.es\/clave_Home\/va\/clave.html\" target=\"_blank\" rel=\"noopener\">Cl@ve<\/a>.<\/p>\n","protected":false},"excerpt":{"rendered":"L&#8217;acc\u00e9s requereix que el ciutad\u00e0 s&#8217;identifique mitjan\u00e7ant Cl@ve, el sistema segur d&#8217;identificaci\u00f3 amb les administracions p\u00fabliques. Pot utilitzar el DNI electr\u00f2nic, qualsevol certificat electr\u00f2nic reconegut i tamb\u00e9 els sistemes de claus concertades Cl@ve PIN i Cl@ve Permanent. Si l&#8217;usuari no disposa d&#8217;una credencial electr\u00f2nica d&#8217;identificaci\u00f3 amb les administracions p\u00fabliques, pot sol\u00b7licitar-ne l&#8217;alta en la web&#8230; <a class=\"view-article\" href=\"https:\/\/seu.elsindic.com\/va\/sistemes-de-signatura-electronica-admesos-io-utilitzats-en-la-seu-electronica-del-sindic-de-greuges\/\">View Article<\/a>","protected":false},"author":1,"featured_media":0,"parent":0,"menu_order":0,"comment_status":"closed","ping_status":"closed","template":"","meta":{"footnotes":""},"class_list":["post-134","page","type-page","status-publish","hentry"],"_links":{"self":[{"href":"https:\/\/seu.elsindic.com\/va\/wp-json\/wp\/v2\/pages\/134","targetHints":{"allow":["GET"]}}],"collection":[{"href":"https:\/\/seu.elsindic.com\/va\/wp-json\/wp\/v2\/pages"}],"about":[{"href":"https:\/\/seu.elsindic.com\/va\/wp-json\/wp\/v2\/types\/page"}],"author":[{"embeddable":true,"href":"https:\/\/seu.elsindic.com\/va\/wp-json\/wp\/v2\/users\/1"}],"replies":[{"embeddable":true,"href":"https:\/\/seu.elsindic.com\/va\/wp-json\/wp\/v2\/comments?post=134"}],"version-history":[{"count":7,"href":"https:\/\/seu.elsindic.com\/va\/wp-json\/wp\/v2\/pages\/134\/revisions"}],"predecessor-version":[{"id":341,"href":"https:\/\/seu.elsindic.com\/va\/wp-json\/wp\/v2\/pages\/134\/revisions\/341"}],"wp:attachment":[{"href":"https:\/\/seu.elsindic.com\/va\/wp-json\/wp\/v2\/media?parent=134"}],"curies":[{"name":"wp","href":"https:\/\/api.w.org\/{rel}","templated":true}]}}