{"id":136,"date":"2017-07-26T12:29:35","date_gmt":"2017-07-26T12:29:35","guid":{"rendered":"https:\/\/seu.elsindic.com\/?page_id=136\/"},"modified":"2017-07-26T12:30:09","modified_gmt":"2017-07-26T12:30:09","slug":"preguntes-frequents","status":"publish","type":"page","link":"https:\/\/seu.elsindic.com\/va\/preguntes-frequents\/","title":{"rendered":"Preguntes freq\u00fcents"},"content":{"rendered":"<ol>\n<li>\n<p><strong>Qu\u00e8 \u00e9s la Seu Electr\u00f2nica? <\/strong><\/p>\n<p>La Seu Electr\u00f2nica del S\u00edndic de Greuges \u00e9s el lloc web des del qual es poden realitzar els tr\u00e0mits administratius que requerisquen identificaci\u00f3 per part del ciutad\u00e0 o la ciutadana, o de l\u2019administraci\u00f3. D\u2019esta manera el S\u00edndic complix amb els requisits que establix la <a title=\"Consulteu la p\u00e0gina web del DOGV que publica esta llei\" href=\"http:\/\/www.docv.gva.es\/datos\/2010\/05\/07\/pdf\/2010_4857.pdf\">Llei 3\/2010, de 5 de maig, de la Generalitat, d\u2019Administraci\u00f3 Electr\u00f2nica de la Comunitat Valenciana<\/a>, modificada per la <a title=\"Consulteu la p\u00e0gina web del DOGV que publica esta llei\" href=\"http:\/\/www.docv.gva.es\/datos\/2012\/12\/27\/pdf\/2012_11839.pdf\">Llei 10\/2012, de 21 de desembre, de mesures fiscals, de gesti\u00f3 administrativa i financera, i d\u2019organitzaci\u00f3 de la Generalitat<\/a> (cap\u00edtol XVII).<\/p>\n<\/li>\n<li>\n<p><strong>A qui va dirigida?<\/strong><\/p>\n<p>A totes aquelles persones que decidisquen interactuar amb el S\u00edndic de Greuges a trav\u00e9s d\u2019Internet.<\/p>\n<\/li>\n<li>\n<p><strong>Qu\u00e8 es pot fer en la Seu electr\u00f2nica?<\/strong><\/p>\n<p>Es pot presentar documentaci\u00f3 a trav\u00e9s del registre electr\u00f2nic (queixes, consultes, suggeriments), consultar l\u2019estat dels expedients, rebre notificacions electr\u00f2niques i fer gestions que fins ara es duien a terme de manera presencial.<\/p>\n<\/li>\n<li>\n<p><strong>Tenen la mateixa validesa les gestions que es fan a trav\u00e9s de la Seu que aquelles que es fan de manera presencial?<\/strong><\/p>\n<p>Si, els tr\u00e0mits que es fan a trav\u00e9s de la Seu electr\u00f2nica tenen la mateixa validesa que aquells efectuats de manera presencial o de qualsevol altra manera tradicional.<\/p>\n<\/li>\n<li>\n<p><strong>\u00c9s segur utilitzar esl serveis de la Seu?<\/strong><\/p>\n<p>La comunicaci\u00f3 entre la persona i la Seu del S\u00edndic \u00e9s segura. Tota la informaci\u00f3 viatja xifrada i els certificats electr\u00f2nics garantixen la identitat d\u2019ambdues parts. Les dades personals que s\u2019envien per Internet estan xifrades i, quan les guardem en el nostre sistema inform\u00e0tic, utilitzem els mitjans necessaris per a protegir-les, tot complint la Llei org\u00e0nica de protecci\u00f3 de dades de car\u00e0cter personal i la seua normativa de desplegament.<\/p>\n<\/li>\n<li>\n<p><strong>Quan puc utilitzar la Seu electr\u00f2nica?<\/strong><\/p>\n<p>Hi podeu accedir i realitzar tr\u00e0mits les 24 hores del dia i els 365 dies de l\u2019any des de qualsevol lloc. Cal tenir en compte que els tr\u00e0mits que es fan en dies inh\u00e0bils s\u2019entendran efectuats el primer dia h\u00e0bil seg\u00fcent.<\/p>\n<\/li>\n<li>\n<p><strong>Qu\u00e8 \u00e9s la signatura electr\u00f2nica?<\/strong><\/p>\n<p>La signatura electr\u00f2nica \u00e9s un conjunt de dades que permeten identificar la persona que signa, de la mateixa manera que si signara a m\u00e0.<\/p>\n<p>La signatura electr\u00f2nica a trav\u00e9s de certificat digital que permet la Seu Electr\u00f2nica del S\u00edndic de Greuges garantix, a m\u00e9s, la integritat dels documents signats: el document original signat no experimenta modificacions posteriors, ja que si aix\u00f2 passara, la validaci\u00f3 de la signatura aportaria un resultat negatiu i seria rebutjada.<\/p>\n<\/li>\n<li>\n<p><strong>Qu\u00e8 \u00e9s un certificat electr\u00f2nic?<\/strong><\/p>\n<p>Un certificat electr\u00f2nic \u00e9s un document em\u00e9s i signat per una autoritat de certificaci\u00f3 que identifica una persona (f\u00edsica o jur\u00eddica) i la vincula amb un parell de claus.<\/p>\n<p>Un certificat cont\u00e9 la informaci\u00f3 seg\u00fcent:<\/p>\n<ul>\n<li>Identificaci\u00f3 del titular del certificat (nom del titular, NIF, adre\u00e7a electr\u00f2nica, etc.).<\/li>\n<li>Distintius del certificat: n\u00famero de s\u00e8rie, entitat que el va emetre, data d\u2019emissi\u00f3, per\u00edode de validesa del certificat, etc.<\/li>\n<li>Un parell de claus: p\u00fablica i privada.<\/li>\n<li>La signatura electr\u00f2nica del certificat amb la clau de l\u2019autoritat de certificaci\u00f3 (AC) que el va emetre<\/li>\n<\/ul>\n<\/li>\n<li>\n<p><strong>Quins certificats s&#8217;admeten en la Seu del S\u00edndic de Greuges?<\/strong><\/p>\n<ul>\n<li><abbr title=\"Documento Nacional de Identidad\">DNI<\/abbr> electr\u00f2nic<\/li>\n<li>Certificat digital em\u00e9s per l&#8217;<abbr title=\"Autoritat Certificadora de la Generalitat Valenciana\">ACCV<\/abbr> Ag\u00e8ncia de Tecnologia i Certificaci\u00f3 Electr\u00f2nica <abbr title=\"Autoritat Certificadora de la Generalitat Valenciana\">ACCV<\/abbr> (certificat digital de la Generalitat Valenciana)<\/li>\n<\/ul>\n<\/li>\n<li>\n<p><strong>Tinc problemes per a accedir a la meua Carpeta Ciutadana. En el meu navegador no apareix el certificat digital que tinc instal\u00b7lat.<\/strong><\/p>\n<p>El motiu pot ser perqu\u00e8, per a usar un certificat digital, cal instal\u00b7lar en l\u2019ordinador una s\u00e8rie d\u2019elements addicionals (certificats arrel de l\u2019autoritat de certificaci\u00f3). A continuaci\u00f3 indiquem p\u00e0gines web on es pot trobar m\u00e9s informaci\u00f3 sobre els requisits que calen per a utilitzar els certificats admesos pel S\u00edndic:<\/p>\n<ul>\n<li><a title=\"Consulteu el Certificat  en la p\u00e0gina web de l'Autoritat de Certificaci\u00f3 de la Comunitat Valenciana\" href=\"http:\/\/www.accv.es\/\">Certificat de l&#8217;Autoritat de Certificaci\u00f3 de la Comunitat Valenciana<\/a><\/li>\n<li><a title=\"Consulteu la p\u00e0gina web del DNI electr\u00f2nic\" href=\"http:\/\/www.dnielectronico.es\/\">DNI electr\u00f2nic<\/a><\/li>\n<\/ul>\n<\/li>\n<li>\n<p><strong>Com puc aconseguir un certificat digital adm\u00e9s en la Seu Electr\u00f2nica del S\u00edndic?<\/strong><\/p>\n<p>En l\u2019actualitat, la seu electr\u00f2nica del S\u00edndic suporta els certificats emesos pels seg\u00fcents prestadors de servicis de certificaci\u00f3:<\/p>\n<ul>\n<li>Per a obtenir el certificat digital de la Generalitat Valenciana, consulteu la p\u00e0gina web de l<a title=\"Consulteu la p\u00e0gina web de l'Ag\u00e8ncia de Tecnologia i Certificaci\u00f3 Electr\u00f2nica\" href=\"http:\/\/www.accv.es\/va\/\">&#8216;Ag\u00e8ncia de Tecnologia i Certificaci\u00f3 Electr\u00f2nica<\/a>.<\/li>\n<li>Per a informar-se sobre l&#8217;expedici\u00f3 del nou <abbr title=\"Document Nacional d'Identitat electr\u00f2nic\">DNIe<\/abbr> consulteu la p\u00e0gina web del <a title=\"Consulteu la p\u00e0gina web del Cos Nacional de Policia\" href=\"http:\/\/www.dnielectronico.es\/\">Cos Nacional de Policia<\/a>.<\/li>\n<\/ul>\n<\/li>\n<li>\n<p><strong>Com puc saber que el tr\u00e0mit s&#8217;ha realitzat correctament?<\/strong><\/p>\n<p>Una vegada fet el tr\u00e0mit, l\u2019usuari rebr\u00e0 un \u201cjustificant de recepci\u00f3\u201d integrat pel justificant del formulari presentat en format&nbsp;pdf&nbsp;i la signatura de la instituci\u00f3 del S\u00edndic en format electr\u00f2nic, que garantix que la transacci\u00f3 s\u2019ha produ\u00eft correctament. L\u2019usuari pot guardar o imprimir este justificant per a qualsevol tipus de reclamaci\u00f3. Si no rebeu esta confirmaci\u00f3 o rebeu un missatge d\u2019error o de defici\u00e8ncia de la transmissi\u00f3, poseu-vos en contacte amb l\u2019oficina del S\u00edndic a trav\u00e9s del n\u00famero de tel\u00e8fon gratu\u00eft 900 21 09 70.<\/p>\n<\/li>\n<\/ol>\n","protected":false},"excerpt":{"rendered":"Qu\u00e8 \u00e9s la Seu Electr\u00f2nica? La Seu Electr\u00f2nica del S\u00edndic de Greuges \u00e9s el lloc web des del qual es poden realitzar els tr\u00e0mits administratius que requerisquen identificaci\u00f3 per part del ciutad\u00e0 o la ciutadana, o de l\u2019administraci\u00f3. D\u2019esta manera el S\u00edndic complix amb els requisits que establix la Llei 3\/2010, de 5 de maig,&#8230; <a class=\"view-article\" href=\"https:\/\/seu.elsindic.com\/va\/preguntes-frequents\/\">View Article<\/a>","protected":false},"author":1,"featured_media":0,"parent":0,"menu_order":0,"comment_status":"closed","ping_status":"closed","template":"","meta":{"footnotes":""},"class_list":["post-136","page","type-page","status-publish","hentry"],"_links":{"self":[{"href":"https:\/\/seu.elsindic.com\/va\/wp-json\/wp\/v2\/pages\/136","targetHints":{"allow":["GET"]}}],"collection":[{"href":"https:\/\/seu.elsindic.com\/va\/wp-json\/wp\/v2\/pages"}],"about":[{"href":"https:\/\/seu.elsindic.com\/va\/wp-json\/wp\/v2\/types\/page"}],"author":[{"embeddable":true,"href":"https:\/\/seu.elsindic.com\/va\/wp-json\/wp\/v2\/users\/1"}],"replies":[{"embeddable":true,"href":"https:\/\/seu.elsindic.com\/va\/wp-json\/wp\/v2\/comments?post=136"}],"version-history":[{"count":2,"href":"https:\/\/seu.elsindic.com\/va\/wp-json\/wp\/v2\/pages\/136\/revisions"}],"predecessor-version":[{"id":138,"href":"https:\/\/seu.elsindic.com\/va\/wp-json\/wp\/v2\/pages\/136\/revisions\/138"}],"wp:attachment":[{"href":"https:\/\/seu.elsindic.com\/va\/wp-json\/wp\/v2\/media?parent=136"}],"curies":[{"name":"wp","href":"https:\/\/api.w.org\/{rel}","templated":true}]}}