{"id":164,"date":"2017-07-26T12:48:28","date_gmt":"2017-07-26T12:48:28","guid":{"rendered":"https:\/\/seu.elsindic.com\/?page_id=164\/"},"modified":"2017-07-26T12:48:28","modified_gmt":"2017-07-26T12:48:28","slug":"sobre-la-seu-del-sindic","status":"publish","type":"page","link":"https:\/\/seu.elsindic.com\/va\/sobre-la-seu-del-sindic\/","title":{"rendered":"Sobre la Seu del S\u00edndic"},"content":{"rendered":"<p>La titularitat d\u2019esta Seu Electr\u00f2nica correspon al S\u00edndic de Greuges de la Comunitat Valenciana, creat i regulat a trav\u00e9s de la Llei de la Generalitat Valenciana 11\/1988, de 26 de desembre, del S\u00edndic de Greuges, que \u00e9s l\u2019alt comissionat de les Corts Valencianes per a la defensa dels drets i de les llibertats compresos en el t\u00edtol I de la Constituci\u00f3 i en l\u2019Estatut d\u2019Autonomia de la Comunitat Valenciana. La seua organitzaci\u00f3 i funcionament estan regulats per la Resoluci\u00f3 126\/III de la Comissi\u00f3 de Peticions sobre el Reglament d\u2019Organitzaci\u00f3 i Funcionament del S\u00edndic de Greuges.<\/p>\n<p>La responsabilitat de la seua gesti\u00f3 i administraci\u00f3, dels seus continguts i dels servicis posats a disposici\u00f3 de la ciutadania \u00e9s responsabilitat del Gabinet del S\u00edndic.<\/p>\n<h3>Dades generals:<\/h3>\n<p>S\u00edndic de Greuges de la Comunitat Valenciana<\/p>\n<p>Calle Pascual Blasco, 1<\/p>\n<p>03001 Alicante<\/p>\n<p><abbr title=\"C\u00f3digo de Identificaci\u00f3n Fiscal\">CIF<\/abbr>: Q-5350006-B<\/p>\n<p><abbr title=\"tel\u00e9fono\">Tel.<\/abbr>: 900 21 09 70<\/p>\n","protected":false},"excerpt":{"rendered":"La titularitat d\u2019esta Seu Electr\u00f2nica correspon al S\u00edndic de Greuges de la Comunitat Valenciana, creat i regulat a trav\u00e9s de la Llei de la Generalitat Valenciana 11\/1988, de 26 de desembre, del S\u00edndic de Greuges, que \u00e9s l\u2019alt comissionat de les Corts Valencianes per a la defensa dels drets i de les llibertats compresos en&#8230; <a class=\"view-article\" href=\"https:\/\/seu.elsindic.com\/va\/sobre-la-seu-del-sindic\/\">View Article<\/a>","protected":false},"author":1,"featured_media":0,"parent":0,"menu_order":0,"comment_status":"closed","ping_status":"closed","template":"","meta":{"footnotes":""},"class_list":["post-164","page","type-page","status-publish","hentry"],"_links":{"self":[{"href":"https:\/\/seu.elsindic.com\/va\/wp-json\/wp\/v2\/pages\/164","targetHints":{"allow":["GET"]}}],"collection":[{"href":"https:\/\/seu.elsindic.com\/va\/wp-json\/wp\/v2\/pages"}],"about":[{"href":"https:\/\/seu.elsindic.com\/va\/wp-json\/wp\/v2\/types\/page"}],"author":[{"embeddable":true,"href":"https:\/\/seu.elsindic.com\/va\/wp-json\/wp\/v2\/users\/1"}],"replies":[{"embeddable":true,"href":"https:\/\/seu.elsindic.com\/va\/wp-json\/wp\/v2\/comments?post=164"}],"version-history":[{"count":1,"href":"https:\/\/seu.elsindic.com\/va\/wp-json\/wp\/v2\/pages\/164\/revisions"}],"predecessor-version":[{"id":165,"href":"https:\/\/seu.elsindic.com\/va\/wp-json\/wp\/v2\/pages\/164\/revisions\/165"}],"wp:attachment":[{"href":"https:\/\/seu.elsindic.com\/va\/wp-json\/wp\/v2\/media?parent=164"}],"curies":[{"name":"wp","href":"https:\/\/api.w.org\/{rel}","templated":true}]}}