{"id":166,"date":"2017-07-26T12:49:26","date_gmt":"2017-07-26T12:49:26","guid":{"rendered":"https:\/\/seu.elsindic.com\/?page_id=166\/"},"modified":"2023-08-30T10:38:18","modified_gmt":"2023-08-30T08:38:18","slug":"perfil-del-contractant","status":"publish","type":"page","link":"https:\/\/seu.elsindic.com\/va\/perfil-del-contractant\/","title":{"rendered":"Perfil del contractant"},"content":{"rendered":"<p>A continuaci\u00f3 detallem el nostre perfil com a contractant i especifiquem la manera de posar-vos en contacte amb esta instituci\u00f3 per a finalitats de contractaci\u00f3.<\/p>\n<div class=\"conborde\">\n<h3>Comunicaci\u00f3 amb l\u2019\u00f2rgan de contractaci\u00f3<\/h3>\n<p>Nom: S\u00edndic de Greuges de la Comunitat Valenciana<\/p>\n<p><abbr title=\"Codi d'Identificaci\u00f3 Fiscal\"><\/abbr><acronym title=\"Codi d'identificaci\u00f3 fiscal\">CIF<\/acronym>: Q 5350006-B<\/p>\n<p>Adre\u00e7a: <abbr title=\"Carrer\">C\/<\/abbr> Pasqual Blasco, 1 \u2013 03001 Alacant<\/p>\n<p>Tel\u00e8fon: (+34) 965 937 500<\/p>\n<p>Fax: (+34) 965 937 554<\/p>\n<p>Web: <a title=\"vegeu p\u00e0gina web del S\u00edndic de Greuges\" href=\"https:\/\/www.elsindic.com\">https:\/\/www.elsindic.com<\/a><\/p>\n<p>Adre\u00e7a electr\u00f2nica: <a title=\"Enviar un correu electr\u00f2nic al S\u00edndic de Greuges\" href=\"mailto:sindicdegreuges@elsindic.com\">sindicdegreuges@elsindic.com<\/a><\/p>\n<p>Perfil del contractant en la plataforma de l&#8217;estat:<a href=\"https:\/\/contrataciondelestado.es\/wps\/poc?uri=deeplink%3AperfilContratante&amp;idBp=yQFF6X%2Bufh0QK2TEfXGy%2BA%3D%3D\">Plataforma de contractaci\u00f3<\/a><\/p>\n<\/div>\n<p>Aix\u00ed mateix, us informem que el perfil del contractant del S\u00edndic s&#8217;integra dins la Plataforma de Contractaci\u00f3 de la Generalitat Valenciana, que es troba operativa i accessible en l&#8217;adre\u00e7a d&#8217;Internet: <a title=\"Visitar la p\u00e0gina web de la Plataforma de contrataci\u00f3 de la Generalitat\" href=\"https:\/\/www.contratacion.gva.es\">http:\/\/www.contractacio.gva.es<\/a>. Les persones interessades a participar o con\u00e9ixer l&#8217;activitat contractual del S\u00edndic trobareu en esta p\u00e0gina les licitacions en curs, amb els terminis de presentaci\u00f3 i les adjudicacions dutes a terme en el S\u00edndic.<\/p>\n<ul>\n<li>Contracte del Servici de Prevenci\u00f3 de Riscos Laborals del S\u00edndic de Greuges<\/li>\n<\/ul>\n<p>&#8211; <a href=\"\/documentos\/691_defval%20PLE%20DE%20PRESCRIPCIONS%20T\u00c8CNIQUES.pdf\">Plec de prescripcions t\u00e8cniques<\/a><\/p>\n<p>&#8211; <a href=\"\/documentos\/692_defval%20PLEC%20CL\u00c0USULES%20PARTICULARS.pdf\">Plec de cl\u00e0usules administratives particulars<\/a><\/p>\n<p><a href=\"https:\/\/contrataciondelestado.es\/wps\/portal\/!ut\/p\/b1\/04_SjzQ0MDEwMzQ1MzDVj9CPykssy0xPLMnMz0vMAfGjzOKdgi0sHJ0MHQ0MjEMtDBzNAgOdLV0MjAwsjYEKIoEKDHAARwNC-sP1o8BKTI2dTcK8wgLMgj3dDQw8PdxcfEINTQ3cjcygCvBY4eeRn5uqH5ycqJ8blWPpqeuoCAAzZBGP\/dl4\/d5\/L2dJQSEvUUt3QS80SmtFL1o2X0FWRVFBSTkzMEdSUEUwMkJSNzY0Rk8zMDAw\/\">&#8211; <\/a><a href=\"https:\/\/contrataciondelestado.es\/wps\/poc?uri=deeplink%3AperfilContratante&amp;ubicacionOrganica=exHUAiRVtHQ%3D\">Plataforma de contractaci\u00f3<\/a><\/p>\n<p>&#8211; <a href=\"\/documentos\/693_defval%20CERTIFICAT%20S.G..pdf\">Certificat<\/a><\/p>\n<ul>\n<li>Contracte menor. V\u00eddeo divulgatiu del S\u00edndic de Greuges\n<ul>\n<li><a href=\"\/documentos\/697_Invitaciovideo.pdf\">Carta invitaci\u00f3<\/a><\/li>\n<li><a href=\"\/documentos\/699_Annex%20videosindic.pdf\">Annex. Criteris de contrataci\u00f3<\/a><\/li>\n<\/ul>\n<\/li>\n<\/ul>\n","protected":false},"excerpt":{"rendered":"A continuaci\u00f3 detallem el nostre perfil com a contractant i especifiquem la manera de posar-vos en contacte amb esta instituci\u00f3 per a finalitats de contractaci\u00f3. Comunicaci\u00f3 amb l\u2019\u00f2rgan de contractaci\u00f3 Nom: S\u00edndic de Greuges de la Comunitat Valenciana CIF: Q 5350006-B Adre\u00e7a: C\/ Pasqual Blasco, 1 \u2013 03001 Alacant Tel\u00e8fon: (+34) 965 937 500 Fax:&#8230; <a class=\"view-article\" href=\"https:\/\/seu.elsindic.com\/va\/perfil-del-contractant\/\">View Article<\/a>","protected":false},"author":1,"featured_media":0,"parent":0,"menu_order":0,"comment_status":"closed","ping_status":"closed","template":"","meta":{"footnotes":""},"class_list":["post-166","page","type-page","status-publish","hentry"],"_links":{"self":[{"href":"https:\/\/seu.elsindic.com\/va\/wp-json\/wp\/v2\/pages\/166","targetHints":{"allow":["GET"]}}],"collection":[{"href":"https:\/\/seu.elsindic.com\/va\/wp-json\/wp\/v2\/pages"}],"about":[{"href":"https:\/\/seu.elsindic.com\/va\/wp-json\/wp\/v2\/types\/page"}],"author":[{"embeddable":true,"href":"https:\/\/seu.elsindic.com\/va\/wp-json\/wp\/v2\/users\/1"}],"replies":[{"embeddable":true,"href":"https:\/\/seu.elsindic.com\/va\/wp-json\/wp\/v2\/comments?post=166"}],"version-history":[{"count":10,"href":"https:\/\/seu.elsindic.com\/va\/wp-json\/wp\/v2\/pages\/166\/revisions"}],"predecessor-version":[{"id":344,"href":"https:\/\/seu.elsindic.com\/va\/wp-json\/wp\/v2\/pages\/166\/revisions\/344"}],"wp:attachment":[{"href":"https:\/\/seu.elsindic.com\/va\/wp-json\/wp\/v2\/media?parent=166"}],"curies":[{"name":"wp","href":"https:\/\/api.w.org\/{rel}","templated":true}]}}