{"id":176,"date":"2017-07-26T12:55:33","date_gmt":"2017-07-26T12:55:33","guid":{"rendered":"https:\/\/seu.elsindic.com\/?page_id=176\/"},"modified":"2022-07-13T14:34:37","modified_gmt":"2022-07-13T12:34:37","slug":"legislacio-dinteres","status":"publish","type":"page","link":"https:\/\/seu.elsindic.com\/va\/legislacio-dinteres\/","title":{"rendered":"Legislaci\u00f3 d&#8217;inter\u00e9s"},"content":{"rendered":"<ul>\n<li><a href=\"https:\/\/www.elsindic.com\/wp-content\/uploads\/2021\/05\/dogv_2021_3200.pdf\" data-wplink-edit=\"true\">Llei 2\/2021, de 26 de mar\u00e7, de la Generalitat Valenciana, del S\u00edndic de Greuges de la Comunitat Valenciana<\/a><\/li>\n<li><a href=\"http:\/\/www.boe.es\/boe_catalan\/dias\/2007\/07\/02\/pdfs\/A02921-02937.pdf\">Llei 11\/2007, de 22 de juny, d\u2019acc\u00e9s electr\u00f2nic dels ciutadans als servicis p\u00fablics<\/a><\/li>\n<li>Llei<a href=\"http:\/\/www.docv.gva.es\/datos\/2010\/05\/07\/pdf\/2010_4857.pdf\">\u00a03\/2010, de 5 de maig, de la Generalitat, d\u2019administraci\u00f3 electr\u00f2nica de la Comunitat Valenciana<\/a>, modificada per la Llei<a href=\"http:\/\/www.docv.gva.es\/datos\/2012\/12\/27\/pdf\/2012_11839.pdf\"> 10\/2012, de 21 de desembre, de mesures fiscals, de gesti\u00f3 administrativa i financera, i d\u2019organitzaci\u00f3 de la Generalitat<\/a><\/li>\n<li><a title=\"pdf de la resoluci\u00f3 del S\u00edndic de Greuges creaci\u00f3 i regulaci\u00f3 de la seu electr\u00f2nica i el registre electr\u00f2nic\" href=\"https:\/\/www.elsindic.com\/documentos\/391_SEDE%20ELECTR%20Y%20REGISTRO%20SINDIC1.pdf\" target=\"_blank\" rel=\"noopener noreferrer\">Resoluci\u00f3 del S\u00edndic de Greuges per la qual es crea \u00a0i es regula la seu electr\u00f2nica i el registre electr\u00f2nic del S\u00edndic de Greuges<\/a><\/li>\n<\/ul>\n","protected":false},"excerpt":{"rendered":"Llei 2\/2021, de 26 de mar\u00e7, de la Generalitat Valenciana, del S\u00edndic de Greuges de la Comunitat Valenciana Llei 11\/2007, de 22 de juny, d\u2019acc\u00e9s electr\u00f2nic dels ciutadans als servicis p\u00fablics Llei\u00a03\/2010, de 5 de maig, de la Generalitat, d\u2019administraci\u00f3 electr\u00f2nica de la Comunitat Valenciana, modificada per la Llei 10\/2012, de 21 de desembre, de&#8230; <a class=\"view-article\" href=\"https:\/\/seu.elsindic.com\/va\/legislacio-dinteres\/\">View Article<\/a>","protected":false},"author":1,"featured_media":0,"parent":0,"menu_order":0,"comment_status":"closed","ping_status":"closed","template":"","meta":{"footnotes":""},"class_list":["post-176","page","type-page","status-publish","hentry"],"_links":{"self":[{"href":"https:\/\/seu.elsindic.com\/va\/wp-json\/wp\/v2\/pages\/176","targetHints":{"allow":["GET"]}}],"collection":[{"href":"https:\/\/seu.elsindic.com\/va\/wp-json\/wp\/v2\/pages"}],"about":[{"href":"https:\/\/seu.elsindic.com\/va\/wp-json\/wp\/v2\/types\/page"}],"author":[{"embeddable":true,"href":"https:\/\/seu.elsindic.com\/va\/wp-json\/wp\/v2\/users\/1"}],"replies":[{"embeddable":true,"href":"https:\/\/seu.elsindic.com\/va\/wp-json\/wp\/v2\/comments?post=176"}],"version-history":[{"count":3,"href":"https:\/\/seu.elsindic.com\/va\/wp-json\/wp\/v2\/pages\/176\/revisions"}],"predecessor-version":[{"id":326,"href":"https:\/\/seu.elsindic.com\/va\/wp-json\/wp\/v2\/pages\/176\/revisions\/326"}],"wp:attachment":[{"href":"https:\/\/seu.elsindic.com\/va\/wp-json\/wp\/v2\/media?parent=176"}],"curies":[{"name":"wp","href":"https:\/\/api.w.org\/{rel}","templated":true}]}}