{"id":180,"date":"2017-07-26T12:58:04","date_gmt":"2017-07-26T12:58:04","guid":{"rendered":"https:\/\/seu.elsindic.com\/?page_id=180\/"},"modified":"2017-07-26T12:58:04","modified_gmt":"2017-07-26T12:58:04","slug":"registre-electronic","status":"publish","type":"page","link":"https:\/\/seu.elsindic.com\/va\/registre-electronic\/","title":{"rendered":"Registre electr\u00f2nic"},"content":{"rendered":"<p>El registre electr\u00f2nic del S\u00edndic de Greuges de la Comunitat Valenciana \u00e9s un servici que t\u00e9 com a finalitat fer possible la seua utilitzaci\u00f3 pels ciutadans i ciutadanes per a la presentaci\u00f3 de queixes, consultes, escrits i comunicacions que es fan per via telem\u00e0tica. El registre electr\u00f2nic funciona com a registre auxiliar del registre general d\u2019entrada i eixida del S\u00edndic de Greuges i, per tant, dep\u00e9n de la Secretaria General.<\/p>\n<p>Este registre nom\u00e9s est\u00e0 habilitat per a la recepci\u00f3 o transmissi\u00f3 de documents electr\u00f2nics relatius als servicis que oferix esta instituci\u00f3 i que s\u2019especifiquen en la seu electr\u00f2nica. Els escrits i les comunicacions de tr\u00e0mits no especificats en la seu electr\u00f2nica no tindran efectes jur\u00eddics i es consideraran no presentats.<\/p>\n<p>El registre de la Seu Electr\u00f2nica del S\u00edndic est\u00e0 operatiu tots els dies de l\u2019any, durant les vint-i-quatre hores del dia, sense perjudici de les interrupcions necess\u00e0ries per raons t\u00e8cniques, de les quals informarem en la seu electr\u00f2nica. Aix\u00ed mateix, en cas d\u2019interrupci\u00f3 no planificada en el funcionament de la unitat registral telem\u00e0tica, s\u2019hi podr\u00e0 visualitzar un missatge en qu\u00e8 es comunicar\u00e0 esta circumst\u00e0ncia, sempre que siga possible.<\/p>\n<p>Una vegada realitzat el tr\u00e0mit, l\u2019usuari rebr\u00e0 un \u201cjustificant de recepci\u00f3\u201d integrat pel justificant del formulari presentat en format pdf i la signatura de la instituci\u00f3 del S\u00edndic en format electr\u00f2nic, que garantix que la transmissi\u00f3 s\u2019ha produ\u00eft correctament. Si no rebeu esta confirmaci\u00f3 o rebeu un missatge d\u2019error o de defici\u00e8ncia de la transmissi\u00f3, poseu-vos en contacte amb l\u2019oficina del S\u00edndic a trav\u00e9s del n\u00famero de tel\u00e8fon gratu\u00eft 900 21 09 70.<\/p>\n","protected":false},"excerpt":{"rendered":"El registre electr\u00f2nic del S\u00edndic de Greuges de la Comunitat Valenciana \u00e9s un servici que t\u00e9 com a finalitat fer possible la seua utilitzaci\u00f3 pels ciutadans i ciutadanes per a la presentaci\u00f3 de queixes, consultes, escrits i comunicacions que es fan per via telem\u00e0tica. El registre electr\u00f2nic funciona com a registre auxiliar del registre general&#8230; <a class=\"view-article\" href=\"https:\/\/seu.elsindic.com\/va\/registre-electronic\/\">View Article<\/a>","protected":false},"author":1,"featured_media":0,"parent":0,"menu_order":0,"comment_status":"closed","ping_status":"closed","template":"","meta":{"footnotes":""},"class_list":["post-180","page","type-page","status-publish","hentry"],"_links":{"self":[{"href":"https:\/\/seu.elsindic.com\/va\/wp-json\/wp\/v2\/pages\/180","targetHints":{"allow":["GET"]}}],"collection":[{"href":"https:\/\/seu.elsindic.com\/va\/wp-json\/wp\/v2\/pages"}],"about":[{"href":"https:\/\/seu.elsindic.com\/va\/wp-json\/wp\/v2\/types\/page"}],"author":[{"embeddable":true,"href":"https:\/\/seu.elsindic.com\/va\/wp-json\/wp\/v2\/users\/1"}],"replies":[{"embeddable":true,"href":"https:\/\/seu.elsindic.com\/va\/wp-json\/wp\/v2\/comments?post=180"}],"version-history":[{"count":1,"href":"https:\/\/seu.elsindic.com\/va\/wp-json\/wp\/v2\/pages\/180\/revisions"}],"predecessor-version":[{"id":181,"href":"https:\/\/seu.elsindic.com\/va\/wp-json\/wp\/v2\/pages\/180\/revisions\/181"}],"wp:attachment":[{"href":"https:\/\/seu.elsindic.com\/va\/wp-json\/wp\/v2\/media?parent=180"}],"curies":[{"name":"wp","href":"https:\/\/api.w.org\/{rel}","templated":true}]}}