{"id":190,"date":"2017-07-27T06:30:38","date_gmt":"2017-07-27T06:30:38","guid":{"rendered":"https:\/\/seu.elsindic.com\/?page_id=190\/"},"modified":"2017-07-27T06:30:38","modified_gmt":"2017-07-27T06:30:38","slug":"mapa-del-lloc","status":"publish","type":"page","link":"https:\/\/seu.elsindic.com\/va\/mapa-del-lloc\/","title":{"rendered":"Mapa del lloc"},"content":{"rendered":"<ul>\n<li><a href=\"\/va\/index.html\">Inici<\/a><\/li>\n<li><a href=\"\/va\/sobre-la-seu-del-sindic.html\">La Seu<\/a>\n<ul>\n<li><a href=\"\/va\/sobre-la-seu-del-sindic.html\">Sobre la Seu del S\u00edndic<\/a><\/li>\n<li><a href=\"\/va\/perfil-del-contractant.html\">Perfil del contractant<\/a><\/li>\n<li><a href=\"\/va\/legislacio-dinteres.html\">Legislaci\u00f3 d\u2019inter\u00e9s<\/a><\/li>\n<li><a href=\"\/va\/verificacio-de-documents.html\">Verificaci\u00f3 de documents<\/a><\/li>\n<li><a href=\"\/va\/registre-electronic.html\">Registre electr\u00f2nic<\/a><\/li>\n<li><a href=\"\/va\/personal-de-la-institucio.html\">Personal de la instituci\u00f3<\/a><\/li>\n<\/ul>\n<\/li>\n<li><a href=\"\/va\/carpeta-ciutadana.html\">Carpeta Ciutadana<\/a>\n<ul>\n<li><a href=\"\/va\/sede-vull-presentar-una-queixa.html\">Vull presentar una queixa<\/a><\/li>\n<li><a href=\"\/va\/sede-vull-fer-una-consulta.html\">Vull fer una consulta<\/a><\/li>\n<li><a href=\"\/va\/presentar-allegacions-a-una-queixa.html\">Presentar al\u00b7legacions a una queixa<\/a><\/li>\n<li><a href=\"\/va\/veure-els-meus-tramits.html\">Veure els meus tr\u00e0mits<\/a><\/li>\n<li><a href=\"\/va\/presentar-altres-documents.html\">Presentar altres documents<\/a><\/li>\n<li><a href=\"\/va\/vull-modificar-les-meues-dades-personals.html\">Vull modificar les meues dades personals<\/a><\/li>\n<li><a href=\"\/va\/bustia-de-reclamacions-i-suggeriments-sobre-el-funcionament-del-sindic.html\">B\u00fastia de reclamacions i suggeriments sobre el funcionament del S\u00edndic<\/a><\/li>\n<\/ul>\n<\/li>\n<li><a href=\"\/va\/queixes\/suggeriments-recomanacions.html\">Actuacions<\/a>\n<ul>\n<li><a href=\"\/va\/queixes\/suggeriments-recomanacions.html\">Suggeriments i recomanacions<\/a><\/li>\n<li><a href=\"\/va\/queixes-sugerencies\/queixes-solucionades.html\">Queixes solucionades<\/a><\/li>\n<li><a href=\"\/va\/queixes\/recomanacions-acceptades.html\">Recomanacions acceptades<\/a><\/li>\n<\/ul>\n<\/li>\n<li><a href=\"\/va\/requisits-tecnics-per-a-fer-tramits.html\">Ajuda<\/a>\n<ul>\n<li><a href=\"\/va\/requisits-tecnics-per-a-fer-tramits.html\">Requisits t\u00e8cnics per a fer tr\u00e0mits<\/a><\/li>\n<li><a href=\"\/va\/sistemes-de-signatura-electronica-admesos-o-utilitzats-en-la-seu-electronica-del-sindic-de-greuges.html\">Sistemes de signatura electr\u00f2nica admesos<\/a><\/li>\n<li><a href=\"\/va\/preguntes-frequents.html\">Preguntes freq\u00fcents<\/a><\/li>\n<li><a href=\"\/va\/enlaces-de-interes.html\">Enlla\u00e7os d\u2019inter\u00e9s<\/a><\/li>\n<\/ul>\n<\/li>\n<li><a href=\"\/va\/contacte.html\">Contacte<\/a><\/li>\n<\/ul>\n","protected":false},"excerpt":{"rendered":"Inici La Seu Sobre la Seu del S\u00edndic Perfil del contractant Legislaci\u00f3 d\u2019inter\u00e9s Verificaci\u00f3 de documents Registre electr\u00f2nic Personal de la instituci\u00f3 Carpeta Ciutadana Vull presentar una queixa Vull fer una consulta Presentar al\u00b7legacions a una queixa Veure els meus tr\u00e0mits Presentar altres documents Vull modificar les meues dades personals B\u00fastia de reclamacions i suggeriments&#8230; <a class=\"view-article\" href=\"https:\/\/seu.elsindic.com\/va\/mapa-del-lloc\/\">View Article<\/a>","protected":false},"author":1,"featured_media":0,"parent":0,"menu_order":0,"comment_status":"closed","ping_status":"closed","template":"","meta":{"footnotes":""},"class_list":["post-190","page","type-page","status-publish","hentry"],"_links":{"self":[{"href":"https:\/\/seu.elsindic.com\/va\/wp-json\/wp\/v2\/pages\/190","targetHints":{"allow":["GET"]}}],"collection":[{"href":"https:\/\/seu.elsindic.com\/va\/wp-json\/wp\/v2\/pages"}],"about":[{"href":"https:\/\/seu.elsindic.com\/va\/wp-json\/wp\/v2\/types\/page"}],"author":[{"embeddable":true,"href":"https:\/\/seu.elsindic.com\/va\/wp-json\/wp\/v2\/users\/1"}],"replies":[{"embeddable":true,"href":"https:\/\/seu.elsindic.com\/va\/wp-json\/wp\/v2\/comments?post=190"}],"version-history":[{"count":1,"href":"https:\/\/seu.elsindic.com\/va\/wp-json\/wp\/v2\/pages\/190\/revisions"}],"predecessor-version":[{"id":191,"href":"https:\/\/seu.elsindic.com\/va\/wp-json\/wp\/v2\/pages\/190\/revisions\/191"}],"wp:attachment":[{"href":"https:\/\/seu.elsindic.com\/va\/wp-json\/wp\/v2\/media?parent=190"}],"curies":[{"name":"wp","href":"https:\/\/api.w.org\/{rel}","templated":true}]}}