{"id":195,"date":"2017-07-27T06:32:52","date_gmt":"2017-07-27T06:32:52","guid":{"rendered":"https:\/\/seu.elsindic.com\/?page_id=195\/"},"modified":"2017-07-27T06:32:52","modified_gmt":"2017-07-27T06:32:52","slug":"marc-legal","status":"publish","type":"page","link":"https:\/\/seu.elsindic.com\/va\/marc-legal\/","title":{"rendered":"Marc Legal"},"content":{"rendered":"<div class=\"floatbox\">\n<p>El domini en Internet \u201cseu.elsindic.com\u201d\u00a0\u00e9s titularitat del S\u00edndic de Greuges de la Comunitat Valenciana, carrer Pasqual Blasco, n\u00fam. 1, 03001 Alacant, Espanya. Tel\u00e8fon (+34) 965 93 75 00. Fax (+34) 965 93 75 54. Adre\u00e7a electr\u00f2nica: <a href=\"mailto:sindic_greuges@gva.es\">sindic_greuges@gva.es<\/a>. CIF: Q5350006B.<\/p>\n<p>Este \u00e9s un lloc web que el S\u00edndic de Greuges de la Comunitat Valenciana posa a disposici\u00f3 de la ciutadania. El seu objectiu \u00e9s facilitar l\u2019acc\u00e9s a la informaci\u00f3 i als servicis que presta la instituci\u00f3 d\u2019una manera immediata i segura.<\/p>\n<p>La web i tots els seus continguts, incloent-hi textos, imatges, so, bases de dades i qualsevol altre material, s\u00f3n propietat del S\u00edndic de Greuges de la Comunitat Valenciana, d\u2019algun organisme vinculat a esta instituci\u00f3 o b\u00e9 de tercers que n\u2019hagen autoritzat l\u2019\u00fas.<\/p>\n<p>Tots els drets d\u2019esta web estan reservats. No es permet la modificaci\u00f3 del lloc web ni dels seus continguts.<\/p>\n<p>El S\u00edndic de Greuges de la Comunitat Valenciana complir\u00e0 de manera estricta la normativa vigent a cada moment sobre la protecci\u00f3 de dades de car\u00e0cter personal, adoptar\u00e0 les mesures legalment exigibles per a la protecci\u00f3 de les dades de car\u00e0cter personal de l\u2019usuari, i en preservar\u00e0 la privacitat i confidencialitat.<\/p>\n<p>La informaci\u00f3 administrativa facilitada a trav\u00e9s d\u2019esta web no substitu\u00efx la publicitat legal de les lleis, les disposicions generals i els actes que hagen de ser publicats formalment en el DOCV i altres diaris oficials, que s\u00f3n l\u2019\u00fanic instrument que en d\u00f3na fe de l\u2019autenticitat i el contingut.<\/p>\n<p>El S\u00edndic de Greuges de la Comunitat Valenciana no es fa responsable del contingut, l\u2019exactitud i l\u2019actualitzaci\u00f3 de la informaci\u00f3 que prov\u00e9 d\u2019altres persones f\u00edsiques o jur\u00eddiques i que conste en el lloc web o aquella que es remeta a partir d\u2019enlla\u00e7os a sistemes externs.<\/p>\n<p>El S\u00edndic de Greuges de la Comunitat Valenciana no garantix que la web i el servidor estiguen lliures de virus i no es fa responsable dels danys causats per l\u2019acc\u00e9s al lloc web o la impossibilitat d\u2019accedir-hi.<\/p>\n<p>En cap cas les galetes (<em>cookies<\/em>) o altres mitjans de naturalesa an\u00e0loga que es puguen utilitzar serviran per a emmagatzemar informaci\u00f3 que permeta identificar la persona f\u00edsica usu\u00e0ria de la webdominio en Internet &#8220;seu.elsindic.com\u201d\u00a0 es titularidad del S\u00edndic de Greuges de la Comunitat Valenciana, calle Pascual Blasco, <abbr title=\"n\u00famero\">n.\u00ba<\/abbr> 1, 03001 Alicante, Espa\u00f1a, Tel\u00e9fono (+34) 965 93 75 00. Fax (+34) 965 93 75 54. Correo electr\u00f3nico: <a title=\"Enviar un correo electr\u00f3nico al S\u00edndic de Greuges\" href=\"mailto:sindic_greuges@gva.es\">sindic_greuges@gva.es<\/a>. <abbr title=\"Codi d'Identificaci\u00f3 Fiscal\">CIF<\/abbr>: Q5350006B.<\/p>\n<\/div>\n","protected":false},"excerpt":{"rendered":"El domini en Internet \u201cseu.elsindic.com\u201d\u00a0\u00e9s titularitat del S\u00edndic de Greuges de la Comunitat Valenciana, carrer Pasqual Blasco, n\u00fam. 1, 03001 Alacant, Espanya. Tel\u00e8fon (+34) 965 93 75 00. Fax (+34) 965 93 75 54. Adre\u00e7a electr\u00f2nica: sindic_greuges@gva.es. CIF: Q5350006B. Este \u00e9s un lloc web que el S\u00edndic de Greuges de la Comunitat Valenciana posa a&#8230; <a class=\"view-article\" href=\"https:\/\/seu.elsindic.com\/va\/marc-legal\/\">View Article<\/a>","protected":false},"author":1,"featured_media":0,"parent":0,"menu_order":0,"comment_status":"closed","ping_status":"closed","template":"","meta":{"footnotes":""},"class_list":["post-195","page","type-page","status-publish","hentry"],"_links":{"self":[{"href":"https:\/\/seu.elsindic.com\/va\/wp-json\/wp\/v2\/pages\/195","targetHints":{"allow":["GET"]}}],"collection":[{"href":"https:\/\/seu.elsindic.com\/va\/wp-json\/wp\/v2\/pages"}],"about":[{"href":"https:\/\/seu.elsindic.com\/va\/wp-json\/wp\/v2\/types\/page"}],"author":[{"embeddable":true,"href":"https:\/\/seu.elsindic.com\/va\/wp-json\/wp\/v2\/users\/1"}],"replies":[{"embeddable":true,"href":"https:\/\/seu.elsindic.com\/va\/wp-json\/wp\/v2\/comments?post=195"}],"version-history":[{"count":1,"href":"https:\/\/seu.elsindic.com\/va\/wp-json\/wp\/v2\/pages\/195\/revisions"}],"predecessor-version":[{"id":196,"href":"https:\/\/seu.elsindic.com\/va\/wp-json\/wp\/v2\/pages\/195\/revisions\/196"}],"wp:attachment":[{"href":"https:\/\/seu.elsindic.com\/va\/wp-json\/wp\/v2\/media?parent=195"}],"curies":[{"name":"wp","href":"https:\/\/api.w.org\/{rel}","templated":true}]}}