{"id":199,"date":"2017-07-27T06:34:03","date_gmt":"2017-07-27T06:34:03","guid":{"rendered":"https:\/\/seu.elsindic.com\/?page_id=199\/"},"modified":"2017-07-27T06:34:03","modified_gmt":"2017-07-27T06:34:03","slug":"politica-de-proteccio-de-dades","status":"publish","type":"page","link":"https:\/\/seu.elsindic.com\/va\/politica-de-proteccio-de-dades\/","title":{"rendered":"Pol\u00edtica de protecci\u00f3 de dades"},"content":{"rendered":"<p>Les dades recollides en els nostres fitxers i, si s&#8217;escau, la documentaci\u00f3 que s&#8217;hi adjunta, a partir de les dades que ens faciliteu, s\u00f3n confidencials i seran incloses en un fitxer titularitat del S\u00edndic de Greuges de la Comunitat Valenciana a l&#8217;efecte de ser tractades per a gestionar, tramitar, controlar i fer el seguiment de les queixes, consultes o de la resta d&#8217;informaci\u00f3 sol\u00b7licitada a trav\u00e9s d&#8217;esta web. I, en qualsevol cas, solament podran ser utilitzades per a proporcionar informaci\u00f3 relativa a les actuacions dutes a terme pel S\u00edndic de Greuges, dins les funcions pr\u00f2pies que t\u00e9 atribu\u00efdes o delegades en l&#8217;\u00e0mbit de les seues compet\u00e8ncies.<\/p>\n<p>Les dades personals podran ser cedides o comunicades a tercers en els sup\u00f2sits previstos en la llei. D&#8217;acord amb la Instrucci\u00f3 del S\u00edndic de Greuges de la Comunitat Valenciana, de 3 de mar\u00e7 de 2009 (<acronym title=\"Diari Oficial de la Comunitat Valenciana\">DOCV<\/acronym> de 12 de mar\u00e7 de 2009), i conformement al que establix la Llei org\u00e0nica 15\/1999, de 13 de desembre, de protecci\u00f3 de dades de car\u00e0cter personal (<acronym title=\"Butllet\u00ed Oficial de l'Estat\">BOE<\/acronym> <abbr title=\"n\u00famero\">n\u00fam.<\/abbr> 298, de 14\/12\/1999), podreu exercir els drets d&#8217;acc\u00e9s, rectificaci\u00f3, cancel\u00b7laci\u00f3 i oposici\u00f3 de les dades mitjan\u00e7ant l&#8217;enviament d&#8217;una sol\u00b7licitud per escrit al S\u00edndic de Greuges de la Comunitat Valenciana.<abbr title=\"carrer\"><\/abbr><abbr title=\"n\u00famero\"><\/abbr><acronym title=\"codi postal\"><\/acronym><\/p>\n","protected":false},"excerpt":{"rendered":"Les dades recollides en els nostres fitxers i, si s&#8217;escau, la documentaci\u00f3 que s&#8217;hi adjunta, a partir de les dades que ens faciliteu, s\u00f3n confidencials i seran incloses en un fitxer titularitat del S\u00edndic de Greuges de la Comunitat Valenciana a l&#8217;efecte de ser tractades per a gestionar, tramitar, controlar i fer el seguiment de&#8230; <a class=\"view-article\" href=\"https:\/\/seu.elsindic.com\/va\/politica-de-proteccio-de-dades\/\">View Article<\/a>","protected":false},"author":1,"featured_media":0,"parent":0,"menu_order":0,"comment_status":"closed","ping_status":"closed","template":"","meta":{"footnotes":""},"class_list":["post-199","page","type-page","status-publish","hentry"],"_links":{"self":[{"href":"https:\/\/seu.elsindic.com\/va\/wp-json\/wp\/v2\/pages\/199","targetHints":{"allow":["GET"]}}],"collection":[{"href":"https:\/\/seu.elsindic.com\/va\/wp-json\/wp\/v2\/pages"}],"about":[{"href":"https:\/\/seu.elsindic.com\/va\/wp-json\/wp\/v2\/types\/page"}],"author":[{"embeddable":true,"href":"https:\/\/seu.elsindic.com\/va\/wp-json\/wp\/v2\/users\/1"}],"replies":[{"embeddable":true,"href":"https:\/\/seu.elsindic.com\/va\/wp-json\/wp\/v2\/comments?post=199"}],"version-history":[{"count":1,"href":"https:\/\/seu.elsindic.com\/va\/wp-json\/wp\/v2\/pages\/199\/revisions"}],"predecessor-version":[{"id":200,"href":"https:\/\/seu.elsindic.com\/va\/wp-json\/wp\/v2\/pages\/199\/revisions\/200"}],"wp:attachment":[{"href":"https:\/\/seu.elsindic.com\/va\/wp-json\/wp\/v2\/media?parent=199"}],"curies":[{"name":"wp","href":"https:\/\/api.w.org\/{rel}","templated":true}]}}