{"id":204,"date":"2017-07-27T06:36:16","date_gmt":"2017-07-27T06:36:16","guid":{"rendered":"https:\/\/seu.elsindic.com\/?page_id=204\/"},"modified":"2017-07-27T06:36:16","modified_gmt":"2017-07-27T06:36:16","slug":"accessibilitat","status":"publish","type":"page","link":"https:\/\/seu.elsindic.com\/va\/accessibilitat\/","title":{"rendered":"Accessibilitat"},"content":{"rendered":"<div class=\"floatbox\">\n<p>Per tal de facilitar l&#8217;acc\u00e9s al m\u00e0xim nombre possible d&#8217;usuaris, el S\u00edndic de Greuges de la Comunitat Valenciana vol que la seua seu electr\u00f2nica siga completament accessible, tamb\u00e9 per als col\u00b7lectius amb necessitats espec\u00edfiques (afectats per discapacitats f\u00edsiques, sensorials, cognitives o formatives, com tamb\u00e9 per a persones amb limitacions tecnol\u00f2giques).<\/p>\n<p>Per aix\u00f2, <strong>desenvolupem les p\u00e0gines seguint les pautes d&#8217;accessibilitat per al contingut de la web (<acronym lang=\"en\" title=\"Web Content Accessibility Guidelines \">WCAG<\/acronym> 1.0)<\/strong> publicades per la Iniciativa d&#8217;Accessibilitat Web (<a href=\"http:\/\/www.w3.org\/WAI\/\" hreflang=\"en\"><strong><acronym lang=\"en\" title=\"Web Accessibility Initiative\">WAI<\/acronym><\/strong><\/a>) del (<a href=\"http:\/\/www.w3.org\" hreflang=\"en\"><strong><acronym lang=\"en\" title=\"World Wide Web Consortium\">W3C<\/acronym><\/strong><\/a>), i assolim un nivell d&#8217;accessibilitat <abbr title=\"Triple A\">AAA<\/abbr>, de manera que els usuaris puguen accedir a la nostra web tot i les dificultades esmentades.<\/p>\n<p>Si trobeu cap dificultat per a accedir a qualsevol dels continguts, comuniqueu-nos-ho a trav\u00e9s del nostre <a href=\"\/va\/suport-tecnic.html\">formulari de suport t\u00e8cnic<\/a>. Gr\u00e0cies.<\/p>\n<h3><strong>Tecnologies aplicades<\/strong><\/h3>\n<p><a title=\"Icona de conformitat amb el Nivell Triple-A.\" href=\"http:\/\/www.w3.org\/WAI\/WCAG1AAA-Conformance\"><img loading=\"lazy\" decoding=\"async\" src=\"http:\/\/www.w3.org\/WAI\/wcag1AAA\" alt=\"Icona de conformitat amb el Nivell Triple-A, de les Directrius d'Accessibilitat per al Contingut Web 1.0 del W3C-WAI\" width=\"88\" height=\"32\" \/><\/a> La seu electr\u00f2nica s&#8217;ajusta al nivell <abbr title=\"Triple A\">AAA<\/abbr> de les directrius d&#8217;accessibilitat del <acronym lang=\"en\" title=\"World Wide Web Consortium\">W3C<\/acronym><sup>*<\/sup>.<\/p>\n<p><a title=\"Validaci\u00f3 de marcat\" href=\"http:\/\/validator.w3.org\/check?uri=referer\"><img loading=\"lazy\" decoding=\"async\" src=\"http:\/\/www.w3.org\/Icons\/valid-xhtml10\" alt=\"\u00a1XHTML 1.0 v\u00e0lid!\" width=\"88\" height=\"31\" \/><\/a> El llenguatge <acronym lang=\"en\" title=\"eXtensible Hypertext Markup Language\">XHTML<\/acronym> versi\u00f3 1.0 ha estat utilitzar correctament.<\/p>\n<p><a title=\"Validaci\u00f3 d'estils\" href=\"http:\/\/jigsaw.w3.org\/css-validator\"><img loading=\"lazy\" decoding=\"async\" src=\"http:\/\/jigsaw.w3.org\/css-validator\/images\/vcss\" alt=\"\u00a1CSS V\u00e0lid!\" width=\"88\" height=\"31\" \/><\/a> La sintaxi dels fulls d&#8217;estils utilitzats \u00e9s correcta.<\/p>\n<p><sup>*<\/sup> Alguns documents en format <acronym lang=\"en\" title=\"Portable Document Format\">PDF<\/acronym> i v\u00eddeos poden presentar problemes d&#8217;accessibilitat, com tamb\u00e9 el formulari per a presentar una queixa, ja que per motius de seguretat cal que les operacions de signatura electr\u00f2nica es duguen a terme en el vostre ordinador, per la qual cosa ha de ser capa\u00e7 d&#8217;executar Javascript i els components client de signatura electr\u00f2nica (ActiveX o Applet).<\/p>\n<h3><strong>Dreceres de teclat<\/strong><\/h3>\n<ul>\n<li>s: saltar el contingut<\/li>\n<li>1: p\u00e0gina d&#8217;inici<\/li>\n<li>2: contacte<\/li>\n<li>3: mapa web<\/li>\n<li>4: recerca<\/li>\n<li>5: marc legal<\/li>\n<\/ul>\n<p>L&#8217;\u00fas de les tecles d&#8217;acc\u00e9s canvia amb el navegador:<\/p>\n<ul>\n<li>Internet Explorer: ALT drecera <span lang=\"en\" xml:lang=\"en\">ENTER<\/span><\/li>\n<li>Firefox: <span lang=\"en\" xml:lang=\"en\">SHIFT<\/span> ALT drecera<\/li>\n<li>Opera: MAJ\u00daSCULES ESC drecera<\/li>\n<\/ul>\n<\/div>\n","protected":false},"excerpt":{"rendered":"Per tal de facilitar l&#8217;acc\u00e9s al m\u00e0xim nombre possible d&#8217;usuaris, el S\u00edndic de Greuges de la Comunitat Valenciana vol que la seua seu electr\u00f2nica siga completament accessible, tamb\u00e9 per als col\u00b7lectius amb necessitats espec\u00edfiques (afectats per discapacitats f\u00edsiques, sensorials, cognitives o formatives, com tamb\u00e9 per a persones amb limitacions tecnol\u00f2giques). Per aix\u00f2, desenvolupem les p\u00e0gines&#8230; <a class=\"view-article\" href=\"https:\/\/seu.elsindic.com\/va\/accessibilitat\/\">View Article<\/a>","protected":false},"author":1,"featured_media":0,"parent":0,"menu_order":0,"comment_status":"closed","ping_status":"closed","template":"","meta":{"footnotes":""},"class_list":["post-204","page","type-page","status-publish","hentry"],"_links":{"self":[{"href":"https:\/\/seu.elsindic.com\/va\/wp-json\/wp\/v2\/pages\/204","targetHints":{"allow":["GET"]}}],"collection":[{"href":"https:\/\/seu.elsindic.com\/va\/wp-json\/wp\/v2\/pages"}],"about":[{"href":"https:\/\/seu.elsindic.com\/va\/wp-json\/wp\/v2\/types\/page"}],"author":[{"embeddable":true,"href":"https:\/\/seu.elsindic.com\/va\/wp-json\/wp\/v2\/users\/1"}],"replies":[{"embeddable":true,"href":"https:\/\/seu.elsindic.com\/va\/wp-json\/wp\/v2\/comments?post=204"}],"version-history":[{"count":1,"href":"https:\/\/seu.elsindic.com\/va\/wp-json\/wp\/v2\/pages\/204\/revisions"}],"predecessor-version":[{"id":205,"href":"https:\/\/seu.elsindic.com\/va\/wp-json\/wp\/v2\/pages\/204\/revisions\/205"}],"wp:attachment":[{"href":"https:\/\/seu.elsindic.com\/va\/wp-json\/wp\/v2\/media?parent=204"}],"curies":[{"name":"wp","href":"https:\/\/api.w.org\/{rel}","templated":true}]}}